{"id":334,"date":"2020-04-05T18:15:35","date_gmt":"2020-04-05T18:15:35","guid":{"rendered":"http:\/\/www.casusbelli.info\/?page_id=334"},"modified":"2023-11-25T21:56:17","modified_gmt":"2023-11-25T21:56:17","slug":"consiglio-direttivo","status":"publish","type":"page","link":"http:\/\/www.casusbelli.info\/?page_id=334","title":{"rendered":"Consiglio direttivo"},"content":{"rendered":"<p lang=\"it-IT\" align=\"left\">\n<p class=\"western\" lang=\"it-IT\" align=\"left\">Il Consiglio Direttivo \u00e8 formato da tre a cinque membri, scelti mediante scrutinio segreto fra gli Associati maggiorenni in regola con il contributo associativo, che abbiano presentato apposita candidatura. I componenti del Consiglio Direttivo durano in carica per tre anni e sono rieleggibili. Il Consiglio Direttivo nomina al suo interno il Vicepresidente \u2013 Tesoriere e il Segretario. Procede altres\u00ec, scegliendo fra gli Associati, alla nomina di eventuali Direttori Tecnici per aree e del Responsabile del Settore Giovanile indicando la durata dell\u2019incarico. Il Consiglio Direttivo predispone e redige i regolamenti dei tornei e di tutte le iniziative ludiche sociali. Il Consiglio Direttivo \u00e8 convocato dal Presidente tutte le volte che vi sia materia da trattare, oppure quando sia fatta richiesta da almeno tre membri. La convocazione \u00e8 fatta a mezzo telefono o posta elettronica e deve essere effettuata non meno di due giorni dall\u2019adunanza. Le sedute sono valide quando vi intervenga la maggioranza dei componenti compreso il Presidente. Le delibere sono prese a maggioranza assoluta dei voti. Il Presidente ha diritto di voto, in caso di parit\u00e0 prevale il suo voto. Il Consiglio Direttivo \u00e8 investito dei pi\u00f9 ampi poteri per la gestione dell\u2019Associazione. Ad esso spetta, tra l\u2019altro: \u2013 curare l\u2019adozione delle delibere assembleari; \u2013 redigere la relazione di programma di attivit\u00e0 da sottoporre all\u2019Assemblea; \u2013 redigere il rendiconto economico finanziario; \u2013 compilare i regolamenti interni; \u2013 stipulare tutti gli atti e contratti inerenti all\u2019attivit\u00e0 sociale; \u2013 deliberare circa l\u2019ammissione, il recesso e l\u2019esclusione degli Associati; \u2013 nominare i responsabili delle commissioni di lavoro e delle branche di attivit\u00e0 in cui si articola la vita dell\u2019Associazione; \u2013 redigere annualmente l\u2019inventario del materiale di propriet\u00e0 dell\u2019Associazione; \u2013 compiere tutti gli atti e le operazioni per la corretta amministrazione dell\u2019Associazione. Il Consiglio Direttivo pu\u00f2 delegare al Presidente, stabilendone le modalit\u00e0 di esercizio, tutte o parte delle sue attribuzioni ad eccezione della redazione del rendiconto economico finanziario.<\/p>\n<p class=\"western\" lang=\"it-IT\" align=\"left\">In caso di dimissioni o di impossibilit\u00e0 a proseguire nell\u2019incarico di uno o pi\u00f9 componenti, il Consiglio Direttivo provvede a sostituirli tramite cooptazione. Se viene meno la maggioranza dei membri, quelli rimasti in carica debbono convocare l\u2019Assemblea perch\u00e9 provveda alla nomina di un nuovo Consiglio Direttivo.<\/p>\n","protected":false},"excerpt":{"rendered":"<p>Il Consiglio Direttivo \u00e8 formato da tre a cinque membri, scelti mediante scrutinio segreto fra gli Associati maggiorenni in regola con il contributo associativo, che abbiano presentato apposita candidatura. I componenti del Consiglio Direttivo durano in carica per tre anni &hellip; <a href=\"http:\/\/www.casusbelli.info\/?page_id=334\">Continua a leggere<span class=\"meta-nav\">&rarr;<\/span><\/a><\/p>\n","protected":false},"author":1,"featured_media":0,"parent":0,"menu_order":0,"comment_status":"closed","ping_status":"closed","template":"","meta":{"footnotes":""},"class_list":["post-334","page","type-page","status-publish","hentry"],"magazineBlocksPostFeaturedMedia":{"thumbnail":false,"medium":false,"medium_large":false,"large":false,"1536x1536":false,"2048x2048":false,"post-thumbnail":false},"magazineBlocksPostAuthor":{"name":"guderian_5","avatar":"https:\/\/secure.gravatar.com\/avatar\/751606b9127a1b2af0dad250f122390bc58105cfa3670c925d451044f3bb3c3f?s=96&d=mm&r=g"},"magazineBlocksPostCommentsNumber":false,"magazineBlocksPostExcerpt":"Il Consiglio Direttivo \u00e8 formato da tre a cinque membri, scelti mediante scrutinio segreto fra gli Associati maggiorenni in regola con il contributo associativo, che abbiano presentato apposita candidatura. I componenti del Consiglio Direttivo durano in carica per tre anni &hellip; <a href=\"http:\/\/www.casusbelli.info\/?page_id=334\">Continua a leggere<span class=\"meta-nav\">&rarr;<\/span><\/a>","magazineBlocksPostCategories":[],"magazineBlocksPostViewCount":0,"magazineBlocksPostReadTime":2,"_links":{"self":[{"href":"http:\/\/www.casusbelli.info\/index.php?rest_route=\/wp\/v2\/pages\/334","targetHints":{"allow":["GET"]}}],"collection":[{"href":"http:\/\/www.casusbelli.info\/index.php?rest_route=\/wp\/v2\/pages"}],"about":[{"href":"http:\/\/www.casusbelli.info\/index.php?rest_route=\/wp\/v2\/types\/page"}],"author":[{"embeddable":true,"href":"http:\/\/www.casusbelli.info\/index.php?rest_route=\/wp\/v2\/users\/1"}],"replies":[{"embeddable":true,"href":"http:\/\/www.casusbelli.info\/index.php?rest_route=%2Fwp%2Fv2%2Fcomments&post=334"}],"version-history":[{"count":10,"href":"http:\/\/www.casusbelli.info\/index.php?rest_route=\/wp\/v2\/pages\/334\/revisions"}],"predecessor-version":[{"id":837,"href":"http:\/\/www.casusbelli.info\/index.php?rest_route=\/wp\/v2\/pages\/334\/revisions\/837"}],"wp:attachment":[{"href":"http:\/\/www.casusbelli.info\/index.php?rest_route=%2Fwp%2Fv2%2Fmedia&parent=334"}],"curies":[{"name":"wp","href":"https:\/\/api.w.org\/{rel}","templated":true}]}}