{"id":347,"date":"2020-04-05T19:40:15","date_gmt":"2020-04-05T19:40:15","guid":{"rendered":"http:\/\/www.casusbelli.info\/?page_id=347"},"modified":"2020-04-05T19:44:38","modified_gmt":"2020-04-05T19:44:38","slug":"lo-statuto","status":"publish","type":"page","link":"https:\/\/www.casusbelli.info\/?page_id=347","title":{"rendered":"Lo statuto"},"content":{"rendered":"<p><img loading=\"lazy\" decoding=\"async\" class=\"size-full wp-image-330 aligncenter\" src=\"http:\/\/www.casusbelli.info\/wp-content\/uploads\/2020\/04\/casus-belli-pin.png\" alt=\"\" width=\"92\" height=\"90\" \/><\/p>\n<p style=\"text-align: center;\"><strong>STATUTO dell\u2019associazione ludico \u2013 sportiva\u00a0CASUS BELLI<\/strong><\/p>\n<p><strong>Titolo I \u2013 Denominazione, sede e oggetto.<\/strong><\/p>\n<p><strong>Art. 1 \u2013 Denominazione.\u00a0<\/strong>E\u2019 costituita l\u2019 Associazione Ludico \u2013 Sportiva \u201cCasus Belli\u201d .<\/p>\n<p><strong>Art 2 \u2013 Sede.\u00a0<\/strong>L\u2019Associazione ha sede legale nel comune di Latina c\/o Mauro Faina in via della Stazione 13, Latina Scalo.<\/p>\n<p><strong>Art. 3 \u2013 Oggetto sociale.\u00a0<\/strong>a)\u00a0L\u2019Associazione \u00e8 apolitica e apartitica, non ha scopi religiosi e non persegue finalit\u00e0 di lucro, ma persegue esclusivamente finalit\u00e0 di utilit\u00e0 sociale, culturale, civile, di promozione della cultura, del tempo libero e del gioco intelligente. Essa potr\u00e0 esercitare le proprie attivit\u00e0 su tutto il territorio nazionale e anche all\u2019estero.<\/p>\n<ol>\n<li>b) L\u2019Associazione si propone, in particolare, di promuovere, divulgare e diffondere lo studio, la conoscenza, la pratica e la cultura del gioco di simulazione storico-militare, inteso come passatempo intelligente, momento di socialit\u00e0 e divertimento, occasione di contatto con persone e culture diverse, confronto sportivo e intellettuale, percorso di miglioramento personale.<\/li>\n<\/ol>\n<p><strong>Art. 4 \u2013 Conseguimento scopi dell\u2019associazione .<\/strong>Per il conseguimento degli scopi anzidetti l\u2019Associazione assume i seguenti compiti:<\/p>\n<ol>\n<li><strong>a)<\/strong>perseguire esclusivamente finalit\u00e0 sportive dilettantistiche e culturali, in particolare quelle inerenti il gioco di simulazione storico-militare, attraverso la gestione di attivit\u00e0 nei campi dell\u2019informazione, della cultura, dello sport, dello spettacolo e della ricreazione in genere, anche attraverso strutture scolastiche pubbliche e private;<\/li>\n<li><strong>b)<\/strong>organizzare in proprio ovvero partecipare attivamente all\u2019approntamento, all\u2019organizzazione e alla gestione delle attivit\u00e0 connesse alla promozione, allo svolgimento di gare, concorsi, conferenze, dimostrazioni, proiezioni di film e diapositive, manifestazioni ed incontri di natura sportiva \u2013 ricreativa e culturale nel campo dei giochi;<\/li>\n<li><strong>c)<\/strong>effettuare quant\u2019altro ritenuto idoneo al raggiungimento degli scopi sociali;<\/li>\n<li><strong>d)<\/strong>gestire e promuovere corsi di istruzione dei giochi;<\/li>\n<li><strong>e)<\/strong>l\u2019Associazione potr\u00e0 aprire e chiudere i conti bancari e postali, accedere ai finanziamenti pubblici e privati, stipulare contratti, farsi coadiuvare da tecnici e professionisti esterni, acquistare e gestire (anche in locazione) immobili od impianti sportivi, ricreativi e culturali.<\/li>\n<\/ol>\n<p><strong>Art. 5 \u2013 durata.\u00a0<\/strong>La durata dell\u2019Associazione \u00e8 illimitata<\/p>\n<p><strong>Art. 6.\u00a0<\/strong>L\u2019Associazione \u00e8 regolata dal presente Statuto approvato dall\u2019Assemblea degli Associati.<\/p>\n<p><strong>Art. 7.\u00a0<\/strong>L\u2019anno ludico dell\u2019associazione, coincidente con l\u2019esercizio sociale, va dal 1 gennaio al 31 dicembre di ogni anno solare.<\/p>\n<p><strong>Titolo II \u2013 Soci<\/strong><\/p>\n<p><strong>Art. 8 \u2013 Adesione.\u00a0<\/strong>Possono far parte dell\u2019Associazione le persone fisiche che ne condividono gli scopi e che si impegnano a realizzarli. L\u2019adesione all\u2019Associazione \u00e8 a tempo indeterminato e non pu\u00f2 essere disposta per un periodo temporaneo, fermo restando in ogni caso il diritto di recesso.<\/p>\n<p><strong>Art. 9.\u00a0<\/strong>Possono far parte dell\u2019Associazione le persone fisiche che ne facciano richiesta senza alcuna limitazione di numero.<\/p>\n<p>I soci si distinguono in:<\/p>\n<ol>\n<li>soci onorari (nominati dall\u2019assemblea su proposta di un consigliere o del Presidente per meriti o per importanza.)<\/li>\n<li>soci ordinari (coloro che hanno versato la quota annuale )<\/li>\n<li>soci sostenitori (iscritti alle varie competizioni, non pagano quote, non hanno diritto di voto alle assemblee, possono partecipare a manifestazioni)<\/li>\n<\/ol>\n<p>Sono\u00a0<strong>soci onorari<\/strong>\u00a0quelle persone alle quali l\u2019Associazione deve particolare riconoscenza e vengono nominati dall\u2019Assemblea dei soci su proposta del Consiglio Direttivo.<\/p>\n<p>Sono\u00a0<strong>soci ordinari<\/strong>\u00a0tutti coloro che condividono le finalit\u00e0 dell\u2019Associazione e pagano la quota annua per l\u2019iscrizione.<\/p>\n<p>Sono\u00a0<strong>soci sostenitori<\/strong>\u00a0coloro che partecipano attivamente alle competizioni organizzate durante l\u2019anno ludico.<\/p>\n<p>I soci onorari ed i soci sostenitori possono diventare soci ordinari, con tutti i diritti di questi ultimi, se provvedono a versare la quota entro il 28 febbraio dell\u2019anno ludico.<\/p>\n<p><strong>Art. 10.\u00a0<\/strong>Ogni socio assume l\u2019obbligo di osservare lo Statuto e i regolamenti di ogni attivit\u00e0 e si impegna a rispettare con lealt\u00e0 e disciplina, le norme che regolano le iniziative sociali, contribuire alle necessit\u00e0 economiche sociali, e per la risoluzione di controversie di qualsiasi natura.<\/p>\n<p><strong>Art. 11.\u00a0<\/strong>Chi intende essere ammesso come Socio dovr\u00e0 provvedere al versamento del contributo associativo previsto dal Consiglio Direttivo, impegnandosi ad attenersi al presente statuto e ad osservare gli eventuali regolamenti e le delibere adottate dagli organi dell\u2019Associazione. Trascorsi dieci giorni dal versamento della quota la richiesta si intender\u00e0 tacitamente accettata nel caso in cui il Consiglio\u00a0Direttivo non abbia comunicato, debitamente motivato, all\u2019interessato il diniego. Possono essere causa di rifiuto esclusivamente la condanna a reati penali contro la persona e il comportamento oltraggioso nei confronti dell\u2019Associazione tenuto in passato dal richiedente. Il contributo associativo \u00e8 intrasmissibile ed \u00e8 fatto esplicito divieto di rivalutazione.<\/p>\n<p>La qualit\u00e0 di socio ordinario si acquisisce con il pagamento di una quota annua secondo quanto stabilito dal comma precedente, il cui importo \u00e8 fissato annualmente dal Consiglio Direttivo dell\u2019Associazione.<\/p>\n<p><strong>Art. 12 \u2013 Recesso e Decadenza.\u00a0<\/strong>1. Chiunque aderisca all\u2019Associazione pu\u00f2 in qualsiasi momento notificare per iscritto la volont\u00e0 di recedere; tale recesso ha efficacia dalla data in cui il consiglio direttivo ne riceve la notifica.<\/p>\n<ol start=\"2\">\n<li>Gli aderenti che non avranno notificato la loro volont\u00e0 di recedere entro il 31 dicembre di ogni anno saranno considerati soci anche per l\u2019anno successivo e tenuti al versamento della quota annuale di adesione.<\/li>\n<li>Gli aderenti che non avranno effettuato il versamento quota entro la data indicata dall\u2019assemblea, si considerano decaduti.<\/li>\n<li>Il socio che per qualsiasi motivo cessi di far parte dell\u2019associazione, perde qualunque diritto sul patrimonio sociale e non pu\u00f2 richiedere la restituzione dei contributi versati.<\/li>\n<\/ol>\n<p><strong>Art. 13 \u2013 Esclusione.\u00a0<\/strong>1. Il socio pu\u00f2 essere escluso dall\u2019Associazione in caso di inadempienza dei doveri previsti dall\u2019art. 10 o per altri gravi motivi che abbiano arrecato danno morale e\/o materiale all\u2019Associazione stessa, ai soci e ai terzi. L\u2019esclusione \u00e8 deliberata dal Consiglio Direttivo e ratificata dall\u2019Assemblea soci nella prima riunione utile, dopo avere ascoltato le giustificazioni dell\u2019interessato.<\/p>\n<p>L\u2019esclusione del socio deve essere comunicata a mezzo lettera o via e-mail al presidente.<\/p>\n<p><strong>Titolo III \u2013 Organi sociali<\/strong><\/p>\n<p><strong>Art. 14 \u2013 Organi sociali .\u00a0<\/strong>Gli organi sociali sono:<\/p>\n<ol>\n<li>L\u2019Assemblea dei soci<\/li>\n<li>Il Presidente<\/li>\n<li>Il Consiglio Direttivo<\/li>\n<\/ol>\n<p><strong>Art. 15 \u2013 L\u2019Assemblea.\u00a0<\/strong>L\u2019Assemblea degli Associati \u00e8 l\u2019organo sovrano dell\u2019Associazione. Essa pu\u00f2 essere ordinaria e straordinaria. La convocazione deve effettuarsi mediante avviso da affiggere nel locale della sede dell\u2019Associazione almeno venti giorni prima oppure mediante telefono e\/o posta elettronica, contenente l\u2019ordine del giorno, il luogo, la data e l\u2019ora della prima e della seconda convocazione. Possono partecipare alle adunanze tutti i Soci ordinari iscritti nel libro dei Soci da almeno cinque giorni ed in regola con il contributo associativo annuale. A tutti i Soci ordinari maggiorenni spetta un voto. E\u2019 permesso al socio ordinario impossibilitato a presenziare l\u2019assemblea , delegare un socio ordinario a votare in sua vece. Ogni socio pu\u00f2 essere rappresentante di una sola delega. A discrezione del Presidente i soci sostenitori possono essere chiamati a partecipare all\u2019assemblea, anche se non hanno diritto di voto.<\/p>\n<p><strong>Art. 15 bis \u2013 L\u2019assemblea ordinaria:<\/strong><\/p>\n<ol>\n<li><strong>a)<\/strong>approva il programma d\u2019attivit\u00e0 annuale ed eventualmente pluriennale;<\/li>\n<li><strong>b)<\/strong>approva il rendiconto economico-finanziario predisposto dal Consiglio Direttivo;<\/li>\n<li><strong>c)<\/strong>procede alla nomina del Presidente e dei componenti del Consiglio Direttivo mediante scrutinio segreto;<\/li>\n<li><strong>d)<\/strong>delibera su tutti gli altri oggetti attinenti alla gestione dell\u2019Associazione riservati dalla legge e\/o dal presente statuto alla sua competenza o sottoposti al suo esame dal Consiglio Direttivo;<\/li>\n<\/ol>\n<p><strong>Art. 15 ter \u2013 Assemblea straordinaria.\u00a0<\/strong>L\u2019Assemblea \u00e8 straordinaria quando si riunisce per deliberare modificazioni allo statuto e per lo scioglimento dell\u2019Associazione.<\/p>\n<p><strong>Art. 15 quater \u2013 Quorum.\u00a0<\/strong>In prima convocazione l\u2019Assemblea ordinaria \u00e8 regolarmente costituita quando siano presenti o rappresentati la met\u00e0 pi\u00f9 uno degli Associati aventi diritti al voto. In seconda convocazione \u00e8 regolarmente costituita qualunque sia il numero degli Associati presenti. L\u2019Assemblea straordinaria, in prima convocazione, \u00e8 validamente costituita quando siano presenti o rappresentati almeno i due terzi degli Associati aventi diritto al voto. In seconda convocazione essa \u00e8 regolarmente costituita quando sono presenti due terzi degli associati aventi diritto al voto.<\/p>\n<p><strong>Art. 15 quinques.\u00a0<\/strong>L\u2019Assemblea \u00e8 presieduta dal Presidente dell\u2019Associazione ed in sua assenza dal Vicepresidente o dalla persona designata dall\u2019Assemblea stessa. La nomina del segretario \u00e8 fatta dal Presidente dell\u2019Assemblea scegliendo fra i membri del Consiglio Direttivo. Di tutte le adunanze assembleari deve essere redatto apposito verbale da affiggersi nella sede. Ciascun associato pu\u00f2 prenderne visione e richiederne copia.<\/p>\n<p><strong>Art. 16 \u2013 Il consiglio direttivo.\u00a0<\/strong>Il Consiglio Direttivo \u00e8 formato da tre a cinque membri, scelti mediante scrutinio segreto fra gli Associati maggiorenni in regola con il contributo associativo, che abbiano presentato apposita candidatura. I componenti del Consiglio Direttivo durano in carica per tre anni e sono rieleggibili. Il Consiglio Direttivo nomina al suo interno il Vicepresidente \u2013 Tesoriere e il Segretario. Procede altres\u00ec, scegliendo fra gli Associati, alla nomina di eventuali Direttori Tecnici per aree e del Responsabile del Settore Giovanile indicando la durata dell\u2019incarico.Il Consiglio Direttivo predispone e redige i regolamenti dei tornei e di tutte le iniziative ludiche sociali.\u00a0Il Consiglio Direttivo \u00e8 convocato dal Presidente tutte le volte che vi sia materia da trattare, oppure quando sia fatta richiesta da almeno tre membri. La convocazione \u00e8 fatta a mezzo telefono o posta elettronica e deve essere effettuata non meno di due giorni dall\u2019adunanza. Le sedute sono valide quando vi intervenga la maggioranza dei componenti compreso il Presidente. Le delibere sono prese a maggioranza assoluta dei voti. Il Presidente ha diritto di voto, in caso di parit\u00e0 prevale il suo voto. Il Consiglio Direttivo \u00e8 investito dei pi\u00f9 ampi poteri per la gestione dell\u2019Associazione. Ad esso spetta, tra l\u2019altro: \u2013 curare l\u2019adozione delle delibere assembleari; \u2013 redigere la relazione di programma di attivit\u00e0 da sottoporre all\u2019Assemblea; \u2013 redigere il rendiconto economico finanziario; \u2013 compilare i regolamenti interni; \u2013 stipulare tutti gli atti e contratti inerenti all\u2019attivit\u00e0 sociale; \u2013 deliberare circa l\u2019ammissione, il recesso e l\u2019esclusione degli Associati; \u2013 nominare i responsabili delle commissioni di lavoro e delle branche di attivit\u00e0 in cui si articola la vita dell\u2019Associazione; \u2013 redigere annualmente l\u2019inventario del materiale di propriet\u00e0 dell\u2019Associazione; \u2013 compiere tutti gli atti e le operazioni per la corretta amministrazione dell\u2019Associazione. Il Consiglio Direttivo pu\u00f2 delegare al Presidente, stabilendone le modalit\u00e0 di esercizio, tutte o parte delle sue attribuzioni ad eccezione della redazione del rendiconto economico finanziario.<\/p>\n<p>In caso di dimissioni o di impossibilit\u00e0 a proseguire nell\u2019incarico di uno o pi\u00f9 componenti, il Consiglio Direttivo provvede a sostituirli tramite cooptazione. Se viene meno la maggioranza dei membri, quelli rimasti in carica debbono convocare l\u2019Assemblea perch\u00e9 provveda alla nomina di un nuovo Consiglio Direttivo.<\/p>\n<p><strong>Art. 17 \u2013 Il presidente.\u00a0<\/strong>Il Presidente, che viene eletto dall\u2019Assemblea mediante scrutinio segreto tra i Soci che hanno presentato la propria candidatura, ha la rappresentanza e la firma legale dell\u2019Associazione di fronte ai terzi ed in giudizio per tutte le operazioni occorrenti al funzionamento dell\u2019Associazione. Il Presidente pu\u00f2 prendere provvedimenti di urgenza da ratificarsi da parte del Consiglio Direttivo. In caso di sua assenza e\/o impedimento le sue funzioni vengono svolte dal Vicepresidente.<\/p>\n<p><strong>Art. 18.\u00a0<\/strong>Tutte le cariche sociali sono onorifiche e completamente gratuite. E\u2019 previsto per i soci , se deliberato dal Consiglio Direttivo, il rimborso delle spese (art. 4 legge 133\/99) per la partecipazione alle competizioni nazionali o estere e alle varie riunioni.<\/p>\n<p><strong>TITOLO IV\u2013 Sanzioni disciplinari<\/strong><\/p>\n<p><strong>Art. 19.\u00a0A carico dei soci che vengono meno ai doveri verso l\u2019Associazione e a una condotta conforme ai principi della lealt\u00e0, probit\u00e0 e rettitudine sportiva, possono essere adottate le seguenti sanzioni disciplinari: il richiamo, la sospensione, la radiazione.<\/strong><\/p>\n<p>Le sanzioni sono deliberate dal Consiglio Direttivo<\/p>\n<p>La sanzione disciplinare della radiazione deve essere notificata dall\u2019Assemblea dei soci.<\/p>\n<p><strong>TITOLO V \u2013 PATRIMONIO, ENTRATE E BILANCIO<\/strong><\/p>\n<p><strong>Art. 20 \u2013 Patrimonio.\u00a0<\/strong>1. Il patrimonio \u00e8 costituito:<\/p>\n<ol>\n<li>a) dai beni mobili ed immobili che sono o diverranno di propriet\u00e0 dell\u2019Associazione;<\/li>\n<li>b) da eventuali fondi di riserva costituiti con le eccedenze di bilancio.<\/li>\n<li>Le entrate dell\u2019Associazione sono costituite:<\/li>\n<li>a) quote e contributi degli associati;<\/li>\n<li>b) eredit\u00e0, donazioni e legati;<\/li>\n<li>c) contributi dello Stato, delle Regioni, di enti locali, di enti o istituzioni pubblici, anche<\/li>\n<\/ol>\n<p>finalizzati al sostegno di specifici e documentati programmi realizzati nell\u2019ambito dei fini<\/p>\n<p>statutari;<\/p>\n<ol>\n<li>d) contributi dell\u2019Unione Europea e di organizzazioni internazionali;<\/li>\n<li>e) entrate derivanti da iniziative promozionali finalizzate al finanziamento nell\u2019ottica del conseguimento degli scopi sociali, quali feste e sottoscrizioni anche a premi;<\/li>\n<li>f) altre entrate compatibili con le finalit\u00e0 sociali dell\u2019associazionismo di promozione sociale.<\/li>\n<\/ol>\n<p><strong>Art. 20 bis \u2013 Fondo comune.\u00a0<\/strong>Tutte le entrate dell\u2019associazione costituiscono il fondo comune. Costituiscono inoltre il fondo comune tutti i beni acquistati con gli introiti di cui sopra. Il fondo comune non \u00e8 mai ripartibile tra i Soci durante la vita dell\u2019Associazione n\u00e9 all\u2019atto del suo scioglimento. Salvo diversa disposizione di legge non potr\u00e0 mai essere fatta distribuzione fra gli associati di utili, avanzi di gestione, fondi, riserve o capitale.<\/p>\n<p><strong>Art. 20 ter \u2013 Contributi e sponsorizzazioni.\u00a0<\/strong>L\u2019Associazione pu\u00f2 ricevere contributi liberali da parte di persone, Enti e\/o Societ\u00e0, come pure stipulare convenzioni e contratti di sponsorizzazione e pubblicit\u00e0; l\u2019ammontare di tali contributi viene versato al fondo sociale ed utilizzato per fini statutari. Le convenzioni sono accettate con delibera del Consiglio Direttivo che autorizza il Presidente a compiere tutti gli atti necessari per la stipula.<\/p>\n<p><strong>Art. 20 quater \u2013 Erogazioni, donazioni e lasciti<\/strong><\/p>\n<ol>\n<li>Le erogazioni liberali in denaro e le donazioni sono accettate dal Consiglio Direttivo che<\/li>\n<\/ol>\n<p>delibera sulla loro utilizzazione, in armonia con le finalit\u00e0 statutarie dell\u2019Associazione.<\/p>\n<ol start=\"2\">\n<li>I lasciti testamentari sono accettati con beneficio di inventario dal Consiglio Direttivo in<\/li>\n<\/ol>\n<p>armonia con le finalit\u00e0 statutarie dell\u2019Associazione.<\/p>\n<ol start=\"3\">\n<li>Il Presidente attua le delibere di accettazione e compie i relativi atti giuridici.<\/li>\n<\/ol>\n<p><strong>Art. 21 \u2013 Bilancio.\u00a0<\/strong>1. Gli esercizi dell\u2019Associazione aprono il 1\u00b0 gennaio e chiudono il 31 dicembre di ogni anno.<\/p>\n<p>Per ogni esercizio sono predisposti un bilancio preventivo e un bilancio consuntivo.<\/p>\n<ol start=\"2\">\n<li>Il bilancio consuntivo contiene tutte le entrate intervenute e le spese sostenute relative<\/li>\n<\/ol>\n<p>all\u2019anno trascorso. Il bilancio preventivo contiene le previsioni di spesa e di entrata per<\/p>\n<p>l\u2019esercizio annuale successivo.<\/p>\n<ol start=\"3\">\n<li>I bilanci preventivo e consuntivo dovranno essere depositati presso la sede dell\u2019Associazione, a disposizione degli associati, almeno venti giorni prima della data fissata per<\/li>\n<\/ol>\n<p>l\u2019approvazione.<\/p>\n<ol start=\"4\">\n<li>I soci, riuniti in Assemblea, approveranno il bilancio consuntivo entro quattro mesi dalla<\/li>\n<\/ol>\n<p>chiusura rispettivamente dell\u2019anno in corso e successivo a quello di spettanza.<\/p>\n<p><strong>Art. 22 \u2013 Avanzi di gestione.\u00a0<\/strong>1. All\u2019Associazione \u00e8 vietato distribuire, anche in modo indiretto, utili o avanzi di gestione<\/p>\n<p>comunque denominati, nonch\u00e9 fondi, riserve o capitale durante la sua vita, salvo che la<\/p>\n<p>destinazione o la distribuzione non siano imposte per legge o siano effettuate a favore di altre<\/p>\n<p>Associazioni che per legge, Statuto o Regolamento facciano parte della medesima e unitaria<\/p>\n<p>struttura.<\/p>\n<ol start=\"2\">\n<li>L\u2019Associazione ha l\u2019obbligo di impiegare gli utili o gli avanzi di gestione per l\u2019attuazione delle attivit\u00e0 istituzionali<\/li>\n<\/ol>\n<p><strong>Titolo VI \u2013 Modifiche Statuto\/scioglimento<\/strong><\/p>\n<p><strong>Art. 23.\u00a0<\/strong>Le modifiche al presente Statuto devono essere assunte dall\u2019Assemblea straordinaria dei soci con il voto favorevole di almeno 2\/3 dei voti validi espressi in Assemblea.<\/p>\n<p><strong>Art. 24.\u00a0<\/strong>L\u2019Associazione si scioglie per valida deliberazione dell\u2019Assemblea Straordinaria dei soci ordinari, esecutivi ed onorari appositamente convocata (in tal caso il patrimonio, dopo la liquidazione, sar\u00e0 devoluto a finalit\u00e0 di utilit\u00e0 sociale).<\/p>\n<p>Letto, confermato e sottoscritto<\/p>\n<p>I soci<\/p>\n","protected":false},"excerpt":{"rendered":"<p>STATUTO dell\u2019associazione ludico \u2013 sportiva\u00a0CASUS BELLI Titolo I \u2013 Denominazione, sede e oggetto. Art. 1 \u2013 Denominazione.\u00a0E\u2019 costituita l\u2019 Associazione Ludico \u2013 Sportiva \u201cCasus Belli\u201d . Art 2 \u2013 Sede.\u00a0L\u2019Associazione ha sede legale nel comune di Latina c\/o Mauro Faina &hellip; <a href=\"https:\/\/www.casusbelli.info\/?page_id=347\">Continua a leggere<span class=\"meta-nav\">&rarr;<\/span><\/a><\/p>\n","protected":false},"author":1,"featured_media":0,"parent":0,"menu_order":0,"comment_status":"closed","ping_status":"closed","template":"","meta":{"footnotes":""},"class_list":["post-347","page","type-page","status-publish","hentry"],"magazineBlocksPostFeaturedMedia":{"thumbnail":false,"medium":false,"medium_large":false,"large":false,"1536x1536":false,"2048x2048":false,"post-thumbnail":false},"magazineBlocksPostAuthor":{"name":"guderian_5","avatar":"https:\/\/secure.gravatar.com\/avatar\/751606b9127a1b2af0dad250f122390bc58105cfa3670c925d451044f3bb3c3f?s=96&d=mm&r=g"},"magazineBlocksPostCommentsNumber":false,"magazineBlocksPostExcerpt":"STATUTO dell\u2019associazione ludico \u2013 sportiva\u00a0CASUS BELLI Titolo I \u2013 Denominazione, sede e oggetto. Art. 1 \u2013 Denominazione.\u00a0E\u2019 costituita l\u2019 Associazione Ludico \u2013 Sportiva \u201cCasus Belli\u201d . Art 2 \u2013 Sede.\u00a0L\u2019Associazione ha sede legale nel comune di Latina c\/o Mauro Faina &hellip; <a href=\"https:\/\/www.casusbelli.info\/?page_id=347\">Continua a leggere<span class=\"meta-nav\">&rarr;<\/span><\/a>","magazineBlocksPostCategories":[],"magazineBlocksPostViewCount":0,"magazineBlocksPostReadTime":13,"_links":{"self":[{"href":"https:\/\/www.casusbelli.info\/index.php?rest_route=\/wp\/v2\/pages\/347","targetHints":{"allow":["GET"]}}],"collection":[{"href":"https:\/\/www.casusbelli.info\/index.php?rest_route=\/wp\/v2\/pages"}],"about":[{"href":"https:\/\/www.casusbelli.info\/index.php?rest_route=\/wp\/v2\/types\/page"}],"author":[{"embeddable":true,"href":"https:\/\/www.casusbelli.info\/index.php?rest_route=\/wp\/v2\/users\/1"}],"replies":[{"embeddable":true,"href":"https:\/\/www.casusbelli.info\/index.php?rest_route=%2Fwp%2Fv2%2Fcomments&post=347"}],"version-history":[{"count":1,"href":"https:\/\/www.casusbelli.info\/index.php?rest_route=\/wp\/v2\/pages\/347\/revisions"}],"predecessor-version":[{"id":348,"href":"https:\/\/www.casusbelli.info\/index.php?rest_route=\/wp\/v2\/pages\/347\/revisions\/348"}],"wp:attachment":[{"href":"https:\/\/www.casusbelli.info\/index.php?rest_route=%2Fwp%2Fv2%2Fmedia&parent=347"}],"curies":[{"name":"wp","href":"https:\/\/api.w.org\/{rel}","templated":true}]}}